{"id":303,"date":"2020-03-11T20:41:24","date_gmt":"2020-03-11T20:41:24","guid":{"rendered":"https:\/\/www.smirking-dragon.com\/eu\/?post_type=product&#038;p=303"},"modified":"2021-03-21T22:57:55","modified_gmt":"2021-03-21T22:57:55","slug":"nesciamus-regeln-und-weltbeschreibung","status":"publish","type":"product","link":"https:\/\/www.smirking-dragon.com\/eu\/product\/nesciamus-regeln-und-weltbeschreibung\/","title":{"rendered":"Nesciamus &#8211; Regeln und Weltbeschreibung"},"content":{"rendered":"<p>This product is only available in German.<\/p>\n<p>Das Buch: &#8220;Nesciamus &#8211; Regeln und Weltbeschreibung&#8221; beinhaltet<span class=\"Apple-converted-space\">\u00a0 <\/span>ausgiebige Hintergrundinformationen \u00fcber die Welt von Nesciamus und eine ausf\u00fchrliche Regelbeschreibung.<\/p>\n<p>Neben Aspekten wie Geschichte, Strukturen im Reich und Geographie werden vor alle die H\u00fcter der Wahrheit und D\u00e4monen erl\u00e4utert. Au\u00dferdem gibt es einen f\u00fcr Spielleiter reservierten Bereich, in dem geheime Hintergrundinformationen geliefert werden. Die Regeln enthalten Varianten f\u00fcr das Spiel mit und ohne Spielleiter.<\/p>\n","protected":false},"excerpt":{"rendered":"<p>This product is only available in German. Das Buch: &#8220;Nesciamus &#8211; Regeln und Weltbeschreibung&#8221; beinhaltet\u00a0 ausgiebige Hintergrundinformationen \u00fcber die Welt von Nesciamus und eine ausf\u00fchrliche Regelbeschreibung. Neben Aspekten wie Geschichte, Strukturen im Reich und Geographie werden vor alle die H\u00fcter der Wahrheit und D\u00e4monen erl\u00e4utert. Au\u00dferdem gibt es einen f\u00fcr Spielleiter reservierten Bereich, in dem [&hellip;]<\/p>\n","protected":false},"featured_media":10108,"template":"","meta":{"_seopress_robots_primary_cat":"20","_seopress_titles_title":"","_seopress_titles_desc":"","_seopress_robots_index":""},"class_list":["post-303","product","type-product","status-publish","has-post-thumbnail","hentry","product_cat-nesciamus","product_shipping_class-tablecloths"],"_links":{"self":[{"href":"https:\/\/www.smirking-dragon.com\/eu\/wp-json\/wp\/v2\/product\/303","targetHints":{"allow":["GET"]}}],"collection":[{"href":"https:\/\/www.smirking-dragon.com\/eu\/wp-json\/wp\/v2\/product"}],"about":[{"href":"https:\/\/www.smirking-dragon.com\/eu\/wp-json\/wp\/v2\/types\/product"}],"wp:featuredmedia":[{"embeddable":true,"href":"https:\/\/www.smirking-dragon.com\/eu\/wp-json\/wp\/v2\/media\/10108"}],"wp:attachment":[{"href":"https:\/\/www.smirking-dragon.com\/eu\/wp-json\/wp\/v2\/media?parent=303"}],"curies":[{"name":"wp","href":"https:\/\/api.w.org\/{rel}","templated":true}]}}