{"id":10113,"date":"2021-03-20T13:10:04","date_gmt":"2021-03-20T13:10:04","guid":{"rendered":"https:\/\/www.smirking-dragon.com\/eu\/?post_type=product&#038;p=10113"},"modified":"2021-03-21T22:54:45","modified_gmt":"2021-03-21T22:54:45","slug":"gefahrliche-geheimnisse-abenteuer-1","status":"publish","type":"product","link":"https:\/\/www.smirking-dragon.com\/eu\/product\/gefahrliche-geheimnisse-abenteuer-1\/","title":{"rendered":"Gef\u00e4hrliche Geheimnisse (Abenteuer 1)"},"content":{"rendered":"<p>This product is only available in German.<\/p>\n<p>Abenteuerbox: &#8220;Gef\u00e4hrliche Geheimnisse&#8221;<\/p>\n<p>Die Abenteuerbox: &#8220;Gef\u00e4hrliche Geheimnisse&#8221; ist das erste einzelne Abenteuer f\u00fcr Nesciamus und ohne Spielleiter spielbar.<\/p>\n<p>Rauningen, euer friedliches Dorf, wird von D\u00e4monen geplagt. Eigentlich ist es Aufgabe der H\u00fcter der Wahrheit, die Menschen vor D\u00e4monen zu sch\u00fctzen, doch nicht immer kommt die Hilfe rechtzeitig, so dass ihr zu drastischen Mitteln greifen m\u00fcsst. Wissen und Erkenntnis bringen die Rettung f\u00fcr Rauningen. Doch manches Geheimnis bleibt besser ungel\u00fcftet\u2026<\/p>\n<p>Gef\u00e4hrliche Geheimnisse ist f\u00fcr 3-6 Spieler ausgelegt und dauert ca. 1,5 &#8211; 2 Stunden.<\/p>\n<p>Aktueller Boxumfang (ohne Stretchgoals):<\/p>\n<p>13 Szenenkarten<\/p>\n<p>6 Charakterb\u00f6gen<\/p>\n<p>27 Rollenkarten<\/p>\n<p>22 Aktionskarten<\/p>\n<p>2 Nesciamus-W\u00fcrfel<\/p>\n<p>1 Spielanleitung<\/p>\n","protected":false},"excerpt":{"rendered":"<p>This product is only available in German. Abenteuerbox: &#8220;Gef\u00e4hrliche Geheimnisse&#8221; Die Abenteuerbox: &#8220;Gef\u00e4hrliche Geheimnisse&#8221; ist das erste einzelne Abenteuer f\u00fcr Nesciamus und ohne Spielleiter spielbar. Rauningen, euer friedliches Dorf, wird von D\u00e4monen geplagt. Eigentlich ist es Aufgabe der H\u00fcter der Wahrheit, die Menschen vor D\u00e4monen zu sch\u00fctzen, doch nicht immer kommt die Hilfe rechtzeitig, so [&hellip;]<\/p>\n","protected":false},"featured_media":10156,"template":"","meta":{"_seopress_robots_primary_cat":"","_seopress_titles_title":"","_seopress_titles_desc":"","_seopress_robots_index":""},"class_list":["post-10113","product","type-product","status-publish","has-post-thumbnail","hentry","product_cat-nesciamus","product_shipping_class-nesciamus"],"_links":{"self":[{"href":"https:\/\/www.smirking-dragon.com\/eu\/wp-json\/wp\/v2\/product\/10113","targetHints":{"allow":["GET"]}}],"collection":[{"href":"https:\/\/www.smirking-dragon.com\/eu\/wp-json\/wp\/v2\/product"}],"about":[{"href":"https:\/\/www.smirking-dragon.com\/eu\/wp-json\/wp\/v2\/types\/product"}],"wp:featuredmedia":[{"embeddable":true,"href":"https:\/\/www.smirking-dragon.com\/eu\/wp-json\/wp\/v2\/media\/10156"}],"wp:attachment":[{"href":"https:\/\/www.smirking-dragon.com\/eu\/wp-json\/wp\/v2\/media?parent=10113"}],"curies":[{"name":"wp","href":"https:\/\/api.w.org\/{rel}","templated":true}]}}